{"id":13411,"date":"2025-08-11T07:50:06","date_gmt":"2025-08-11T07:50:06","guid":{"rendered":"https:\/\/barr.cmdev.io\/carreras\/"},"modified":"2025-11-19T16:30:36","modified_gmt":"2025-11-19T16:30:36","slug":"carreras","status":"publish","type":"page","link":"https:\/\/assoc-cx.com\/es\/carreras\/","title":{"rendered":"Carreras"},"content":{"rendered":"\t\t<div data-elementor-type=\"wp-page\" data-elementor-id=\"13411\" class=\"elementor elementor-13411 elementor-10180\">\n\t\t\t\t\t\t<section class=\"elementor-section elementor-top-section elementor-element elementor-element-900fcb2 elementor-section-full_width elementor-section-content-middle elementor-reverse-tablet elementor-reverse-mobile elementor-section-height-default elementor-section-height-default cmsmasters-block-default\" data-id=\"900fcb2\" data-element_type=\"section\" data-settings=\"{&quot;background_background&quot;:&quot;classic&quot;}\">\n\t\t\t\t\t\t<div class=\"elementor-container elementor-column-gap-no\">\n\t\t\t\t\t<div class=\"elementor-column elementor-col-50 elementor-top-column elementor-element elementor-element-4fbdce9\" data-id=\"4fbdce9\" data-element_type=\"column\">\n\t\t\t<div class=\"elementor-widget-wrap elementor-element-populated\">\n\t\t\t\t\t\t<section class=\"elementor-section elementor-inner-section elementor-element elementor-element-20403ff elementor-section-boxed elementor-section-height-default elementor-section-height-default cmsmasters-block-default\" data-id=\"20403ff\" data-element_type=\"section\">\n\t\t\t\t\t\t<div class=\"elementor-container elementor-column-gap-wide\">\n\t\t\t\t\t<div class=\"elementor-column elementor-col-100 elementor-inner-column elementor-element elementor-element-dacd576\" data-id=\"dacd576\" data-element_type=\"column\">\n\t\t\t<div class=\"elementor-widget-wrap elementor-element-populated\">\n\t\t\t\t\t\t<div class=\"elementor-element elementor-element-f1da421 cmsmasters-line-clamp-no cmsmasters-color-variation-default cmsmasters-pointer-none cmsmasters-block-default cmsmasters-sticky-default elementor-widget elementor-widget-cmsmasters-post-title cmsmasters-widget-title\" data-id=\"f1da421\" data-element_type=\"widget\" data-widget_type=\"cmsmasters-post-title.default\">\n\t\t\t\t\t<h1 class=\"entry-title cmsmasters-widget-title__heading \">Carreras<\/h1>\t\t\t\t<\/div>\n\t\t\t\t<div class=\"elementor-element elementor-element-34e9d4e cmsmasters-block-default cmsmasters-sticky-default elementor-widget elementor-widget-text-editor\" data-id=\"34e9d4e\" data-element_type=\"widget\" data-widget_type=\"text-editor.default\">\n\t\t\t\t\t\t\t\t\t<p>\u00danete a nuestro equipo: explora las vacantes disponibles y da el siguiente paso en tu carrera hoy.<\/p>\t\t\t\t\t\t\t\t<\/div>\n\t\t\t\t<div class=\"elementor-element elementor-element-825575d cmsmasters-button-align-left cmsmasters-block-default cmsmasters-sticky-default elementor-widget elementor-widget-cmsmasters-button\" data-id=\"825575d\" data-element_type=\"widget\" data-widget_type=\"cmsmasters-button.default\">\n\t\t\t\t\t<div class=\"elementor-widget-cmsmasters-button__button-container\"><div class=\"elementor-widget-cmsmasters-button__button-container-inner\"><a href=\"https:\/\/assoc-cx.com\/employment-application\/\" class=\"cmsmasters-button-link elementor-widget-cmsmasters-button__button cmsmasters-icon-view- cmsmasters-icon-shape- cmsmasters-button-size-sm\" role=\"button\" tabindex=\"0\"><span class=\"elementor-widget-cmsmasters-button__content-wrapper cmsmasters-align-icon-\"><span class=\"elementor-widget-cmsmasters-button__text\">Aplica en L\u00ednea Ahora<\/span><\/span><\/a><\/div><\/div>\t\t\t\t<\/div>\n\t\t\t\t\t<\/div>\n\t\t<\/div>\n\t\t\t\t\t<\/div>\n\t\t<\/section>\n\t\t\t\t\t<\/div>\n\t\t<\/div>\n\t\t\t\t<div class=\"elementor-column elementor-col-50 elementor-top-column elementor-element elementor-element-9e3db36\" data-id=\"9e3db36\" data-element_type=\"column\">\n\t\t\t<div class=\"elementor-widget-wrap elementor-element-populated\">\n\t\t\t\t\t\t<div class=\"elementor-element elementor-element-71e8128 cmsmasters-block-default cmsmasters-sticky-default elementor-widget elementor-widget-image\" data-id=\"71e8128\" data-element_type=\"widget\" data-widget_type=\"image.default\">\n\t\t\t\t\t\t\t\t\t\t\t\t\t\t\t<img fetchpriority=\"high\" decoding=\"async\" width=\"1024\" height=\"614\" src=\"https:\/\/assoc-cx.com\/wp-content\/uploads\/2025\/09\/We-are-hiring-1024x614.jpg\" class=\"attachment-large size-large wp-image-13410\" alt=\"\" srcset=\"https:\/\/assoc-cx.com\/wp-content\/uploads\/2025\/09\/We-are-hiring-1024x614.jpg 1024w, https:\/\/assoc-cx.com\/wp-content\/uploads\/2025\/09\/We-are-hiring-300x180.jpg 300w, https:\/\/assoc-cx.com\/wp-content\/uploads\/2025\/09\/We-are-hiring-768x461.jpg 768w, https:\/\/assoc-cx.com\/wp-content\/uploads\/2025\/09\/We-are-hiring-1536x922.jpg 1536w, https:\/\/assoc-cx.com\/wp-content\/uploads\/2025\/09\/We-are-hiring-2048x1229.jpg 2048w, https:\/\/assoc-cx.com\/wp-content\/uploads\/2025\/09\/We-are-hiring-500x300.jpg 500w, https:\/\/assoc-cx.com\/wp-content\/uploads\/2025\/09\/We-are-hiring-600x360.jpg 600w\" sizes=\"(max-width: 1024px) 100vw, 1024px\" title=\"Estamos contratando - Associated Currency Exchanges\" \/>\t\t\t\t\t\t\t\t\t\t\t\t\t\t\t<\/div>\n\t\t\t\t\t<\/div>\n\t\t<\/div>\n\t\t\t\t\t<\/div>\n\t\t<\/section>\n\t\t\t\t<section class=\"elementor-section elementor-top-section elementor-element elementor-element-4d49b13 elementor-section-boxed elementor-section-height-default elementor-section-height-default cmsmasters-block-default\" data-id=\"4d49b13\" data-element_type=\"section\">\n\t\t\t\t\t\t<div class=\"elementor-container elementor-column-gap-no\">\n\t\t\t\t\t<div class=\"elementor-column elementor-col-100 elementor-top-column elementor-element elementor-element-1128218\" data-id=\"1128218\" data-element_type=\"column\">\n\t\t\t<div class=\"elementor-widget-wrap elementor-element-populated\">\n\t\t\t\t\t\t<div class=\"elementor-element elementor-element-6a96f2d cmsmasters-block-default cmsmasters-sticky-default elementor-widget elementor-widget-heading\" data-id=\"6a96f2d\" data-element_type=\"widget\" data-widget_type=\"heading.default\">\n\t\t\t\t\t<h2 class=\"elementor-heading-title elementor-size-default\">Da un Paso en tu Carrera<\/h2>\t\t\t\t<\/div>\n\t\t\t\t<div class=\"elementor-element elementor-element-74d766c cmsmasters-button-align-center cmsmasters-block-default cmsmasters-sticky-default elementor-widget elementor-widget-cmsmasters-button\" data-id=\"74d766c\" data-element_type=\"widget\" data-widget_type=\"cmsmasters-button.default\">\n\t\t\t\t\t<div class=\"elementor-widget-cmsmasters-button__button-container\"><div class=\"elementor-widget-cmsmasters-button__button-container-inner\"><a href=\"https:\/\/assoc-cx.com\/employment-application\/\" class=\"cmsmasters-button-link elementor-widget-cmsmasters-button__button cmsmasters-icon-view- cmsmasters-icon-shape- cmsmasters-button-size-sm\" role=\"button\" tabindex=\"0\"><span class=\"elementor-widget-cmsmasters-button__content-wrapper cmsmasters-align-icon-\"><span class=\"elementor-widget-cmsmasters-button__text\">Aplica en L\u00ednea Ahora<\/span><\/span><\/a><\/div><\/div>\t\t\t\t<\/div>\n\t\t\t\t\t<\/div>\n\t\t<\/div>\n\t\t\t\t\t<\/div>\n\t\t<\/section>\n\t\t\t\t<\/div>\n\t\t","protected":false},"excerpt":{"rendered":"<p>\u00danete a nuestro equipo: explora las vacantes disponibles y da el siguiente paso en tu carrera hoy. Aplica en L\u00ednea Ahora Da un Paso en tu Carrera Aplica en L\u00ednea Ahora<\/p>\n","protected":false},"author":1,"featured_media":13410,"parent":0,"menu_order":0,"comment_status":"closed","ping_status":"closed","template":"","meta":{"_acf_changed":false,"om_disable_all_campaigns":false,"_monsterinsights_skip_tracking":false,"_monsterinsights_sitenote_active":false,"_monsterinsights_sitenote_note":"","_monsterinsights_sitenote_category":0,"footnotes":""},"class_list":["post-13411","page","type-page","status-publish","has-post-thumbnail","hentry"],"acf":[],"aioseo_notices":[],"aioseo_head":"\n\t\t<!-- All in One SEO Pro 4.9.6.2 - aioseo.com -->\n\t<meta name=\"description\" content=\"Carreras \u00danete a nuestro equipo: explora las vacantes disponibles y da el siguiente paso en tu carrera hoy. Aplica en L\u00ednea Ahora Da un Paso en tu Carrera Aplica en L\u00ednea Ahora\" \/>\n\t<meta name=\"robots\" content=\"max-image-preview:large\" \/>\n\t<link rel=\"canonical\" href=\"https:\/\/assoc-cx.com\/es\/carreras\/\" \/>\n\t<meta name=\"generator\" content=\"All in One SEO Pro (AIOSEO) 4.9.6.2\" \/>\n\t\t<meta property=\"og:locale\" content=\"es_ES\" \/>\n\t\t<meta property=\"og:site_name\" content=\"Associated Currency Exchanges -\" \/>\n\t\t<meta property=\"og:type\" content=\"article\" \/>\n\t\t<meta property=\"og:title\" content=\"Carreras - Associated Currency Exchanges\" \/>\n\t\t<meta property=\"og:description\" content=\"Carreras \u00danete a nuestro equipo: explora las vacantes disponibles y da el siguiente paso en tu carrera hoy. Aplica en L\u00ednea Ahora Da un Paso en tu Carrera Aplica en L\u00ednea Ahora\" \/>\n\t\t<meta property=\"og:url\" content=\"https:\/\/assoc-cx.com\/es\/carreras\/\" \/>\n\t\t<meta property=\"article:published_time\" content=\"2025-08-11T07:50:06+00:00\" \/>\n\t\t<meta property=\"article:modified_time\" content=\"2025-11-19T16:30:36+00:00\" \/>\n\t\t<meta property=\"article:publisher\" content=\"https:\/\/www.facebook.com\/profile.php?id=61578290084326\" \/>\n\t\t<meta name=\"twitter:card\" content=\"summary_large_image\" \/>\n\t\t<meta name=\"twitter:title\" content=\"Carreras - Associated Currency Exchanges\" \/>\n\t\t<meta name=\"twitter:description\" content=\"Carreras \u00danete a nuestro equipo: explora las vacantes disponibles y da el siguiente paso en tu carrera hoy. Aplica en L\u00ednea Ahora Da un Paso en tu Carrera Aplica en L\u00ednea Ahora\" \/>\n\t\t<script type=\"application\/ld+json\" class=\"aioseo-schema\">\n\t\t\t{\"@context\":\"https:\\\/\\\/schema.org\",\"@graph\":[{\"@type\":\"BreadcrumbList\",\"@id\":\"https:\\\/\\\/assoc-cx.com\\\/es\\\/carreras\\\/#breadcrumblist\",\"itemListElement\":[{\"@type\":\"ListItem\",\"@id\":\"https:\\\/\\\/assoc-cx.com\\\/es\\\/#listItem\",\"position\":1,\"name\":\"Home\",\"item\":\"https:\\\/\\\/assoc-cx.com\\\/es\\\/\",\"nextItem\":{\"@type\":\"ListItem\",\"@id\":\"https:\\\/\\\/assoc-cx.com\\\/es\\\/carreras\\\/#listItem\",\"name\":\"Carreras\"}},{\"@type\":\"ListItem\",\"@id\":\"https:\\\/\\\/assoc-cx.com\\\/es\\\/carreras\\\/#listItem\",\"position\":2,\"name\":\"Carreras\",\"previousItem\":{\"@type\":\"ListItem\",\"@id\":\"https:\\\/\\\/assoc-cx.com\\\/es\\\/#listItem\",\"name\":\"Home\"}}]},{\"@type\":\"Organization\",\"@id\":\"https:\\\/\\\/assoc-cx.com\\\/es\\\/#organization\",\"name\":\"Associated Currency Exchanges\",\"url\":\"https:\\\/\\\/assoc-cx.com\\\/es\\\/\",\"logo\":{\"@type\":\"ImageObject\",\"url\":\"https:\\\/\\\/assoc-cx.com\\\/wp-content\\\/uploads\\\/2025\\\/07\\\/ACE_logo_hi-res-web_small.png\",\"@id\":\"https:\\\/\\\/assoc-cx.com\\\/es\\\/carreras\\\/#organizationLogo\",\"width\":245,\"height\":100,\"caption\":\"Associated Currency Exchanges\"},\"image\":{\"@id\":\"https:\\\/\\\/assoc-cx.com\\\/es\\\/carreras\\\/#organizationLogo\"},\"sameAs\":[\"https:\\\/\\\/www.facebook.com\\\/profile.php?id=61578290084326\",\"https:\\\/\\\/www.instagram.com\\\/associatedcurrencies\\\/\"]},{\"@type\":\"WebPage\",\"@id\":\"https:\\\/\\\/assoc-cx.com\\\/es\\\/carreras\\\/#webpage\",\"url\":\"https:\\\/\\\/assoc-cx.com\\\/es\\\/carreras\\\/\",\"name\":\"Carreras - Associated Currency Exchanges\",\"description\":\"Carreras \\u00danete a nuestro equipo: explora las vacantes disponibles y da el siguiente paso en tu carrera hoy. Aplica en L\\u00ednea Ahora Da un Paso en tu Carrera Aplica en L\\u00ednea Ahora\",\"inLanguage\":\"es-ES\",\"isPartOf\":{\"@id\":\"https:\\\/\\\/assoc-cx.com\\\/es\\\/#website\"},\"breadcrumb\":{\"@id\":\"https:\\\/\\\/assoc-cx.com\\\/es\\\/carreras\\\/#breadcrumblist\"},\"image\":{\"@type\":\"ImageObject\",\"url\":\"https:\\\/\\\/assoc-cx.com\\\/wp-content\\\/uploads\\\/2025\\\/09\\\/We-are-hiring-scaled.jpg\",\"@id\":\"https:\\\/\\\/assoc-cx.com\\\/es\\\/carreras\\\/#mainImage\",\"width\":2560,\"height\":1536},\"primaryImageOfPage\":{\"@id\":\"https:\\\/\\\/assoc-cx.com\\\/es\\\/carreras\\\/#mainImage\"},\"datePublished\":\"2025-08-11T07:50:06+00:00\",\"dateModified\":\"2025-11-19T16:30:36+00:00\"},{\"@type\":\"WebSite\",\"@id\":\"https:\\\/\\\/assoc-cx.com\\\/es\\\/#website\",\"url\":\"https:\\\/\\\/assoc-cx.com\\\/es\\\/\",\"name\":\"Associated Currency Exchanges\",\"inLanguage\":\"es-ES\",\"publisher\":{\"@id\":\"https:\\\/\\\/assoc-cx.com\\\/es\\\/#organization\"}}]}\n\t\t<\/script>\n\t\t<!-- All in One SEO Pro -->\r\n\t\t<title>Carreras - Associated Currency Exchanges<\/title>\n\n","aioseo_head_json":{"title":"Carreras - Associated Currency Exchanges","description":"Carreras \u00danete a nuestro equipo: explora las vacantes disponibles y da el siguiente paso en tu carrera hoy. Aplica en L\u00ednea Ahora Da un Paso en tu Carrera Aplica en L\u00ednea Ahora","canonical_url":"https:\/\/assoc-cx.com\/es\/carreras\/","robots":"max-image-preview:large","keywords":"","webmasterTools":{"miscellaneous":""},"schema":{"@context":"https:\/\/schema.org","@graph":[{"@type":"BreadcrumbList","@id":"https:\/\/assoc-cx.com\/es\/carreras\/#breadcrumblist","itemListElement":[{"@type":"ListItem","@id":"https:\/\/assoc-cx.com\/es\/#listItem","position":1,"name":"Home","item":"https:\/\/assoc-cx.com\/es\/","nextItem":{"@type":"ListItem","@id":"https:\/\/assoc-cx.com\/es\/carreras\/#listItem","name":"Carreras"}},{"@type":"ListItem","@id":"https:\/\/assoc-cx.com\/es\/carreras\/#listItem","position":2,"name":"Carreras","previousItem":{"@type":"ListItem","@id":"https:\/\/assoc-cx.com\/es\/#listItem","name":"Home"}}]},{"@type":"Organization","@id":"https:\/\/assoc-cx.com\/es\/#organization","name":"Associated Currency Exchanges","url":"https:\/\/assoc-cx.com\/es\/","logo":{"@type":"ImageObject","url":"https:\/\/assoc-cx.com\/wp-content\/uploads\/2025\/07\/ACE_logo_hi-res-web_small.png","@id":"https:\/\/assoc-cx.com\/es\/carreras\/#organizationLogo","width":245,"height":100,"caption":"Associated Currency Exchanges"},"image":{"@id":"https:\/\/assoc-cx.com\/es\/carreras\/#organizationLogo"},"sameAs":["https:\/\/www.facebook.com\/profile.php?id=61578290084326","https:\/\/www.instagram.com\/associatedcurrencies\/"]},{"@type":"WebPage","@id":"https:\/\/assoc-cx.com\/es\/carreras\/#webpage","url":"https:\/\/assoc-cx.com\/es\/carreras\/","name":"Carreras - Associated Currency Exchanges","description":"Carreras \u00danete a nuestro equipo: explora las vacantes disponibles y da el siguiente paso en tu carrera hoy. Aplica en L\u00ednea Ahora Da un Paso en tu Carrera Aplica en L\u00ednea Ahora","inLanguage":"es-ES","isPartOf":{"@id":"https:\/\/assoc-cx.com\/es\/#website"},"breadcrumb":{"@id":"https:\/\/assoc-cx.com\/es\/carreras\/#breadcrumblist"},"image":{"@type":"ImageObject","url":"https:\/\/assoc-cx.com\/wp-content\/uploads\/2025\/09\/We-are-hiring-scaled.jpg","@id":"https:\/\/assoc-cx.com\/es\/carreras\/#mainImage","width":2560,"height":1536},"primaryImageOfPage":{"@id":"https:\/\/assoc-cx.com\/es\/carreras\/#mainImage"},"datePublished":"2025-08-11T07:50:06+00:00","dateModified":"2025-11-19T16:30:36+00:00"},{"@type":"WebSite","@id":"https:\/\/assoc-cx.com\/es\/#website","url":"https:\/\/assoc-cx.com\/es\/","name":"Associated Currency Exchanges","inLanguage":"es-ES","publisher":{"@id":"https:\/\/assoc-cx.com\/es\/#organization"}}]},"og:locale":"es_ES","og:site_name":"Associated Currency Exchanges -","og:type":"article","og:title":"Carreras - Associated Currency Exchanges","og:description":"Carreras \u00danete a nuestro equipo: explora las vacantes disponibles y da el siguiente paso en tu carrera hoy. Aplica en L\u00ednea Ahora Da un Paso en tu Carrera Aplica en L\u00ednea Ahora","og:url":"https:\/\/assoc-cx.com\/es\/carreras\/","article:published_time":"2025-08-11T07:50:06+00:00","article:modified_time":"2025-11-19T16:30:36+00:00","article:publisher":"https:\/\/www.facebook.com\/profile.php?id=61578290084326","twitter:card":"summary_large_image","twitter:title":"Carreras - Associated Currency Exchanges","twitter:description":"Carreras \u00danete a nuestro equipo: explora las vacantes disponibles y da el siguiente paso en tu carrera hoy. Aplica en L\u00ednea Ahora Da un Paso en tu Carrera Aplica en L\u00ednea Ahora"},"aioseo_meta_data":{"post_id":"13411","title":null,"description":null,"keywords":null,"keyphrases":null,"primary_term":null,"canonical_url":null,"og_title":null,"og_description":null,"og_object_type":"default","og_image_type":"default","og_image_url":null,"og_image_width":null,"og_image_height":null,"og_image_custom_url":null,"og_image_custom_fields":null,"og_video":null,"og_custom_url":null,"og_article_section":null,"og_article_tags":null,"twitter_use_og":false,"twitter_card":"default","twitter_image_type":"default","twitter_image_url":null,"twitter_image_custom_url":null,"twitter_image_custom_fields":null,"twitter_title":null,"twitter_description":null,"schema":{"blockGraphs":[],"customGraphs":[],"default":{"data":{"Article":[],"Course":[],"Dataset":[],"FAQPage":[],"Movie":[],"Person":[],"Product":[],"ProductReview":[],"Car":[],"Recipe":[],"Service":[],"SoftwareApplication":[],"WebPage":[]},"graphName":"","isEnabled":true},"graphs":[]},"schema_type":"default","schema_type_options":null,"pillar_content":false,"robots_default":true,"robots_noindex":false,"robots_noarchive":false,"robots_nosnippet":false,"robots_nofollow":false,"robots_noimageindex":false,"robots_noodp":false,"robots_notranslate":false,"robots_max_snippet":null,"robots_max_videopreview":null,"robots_max_imagepreview":"large","priority":null,"frequency":null,"local_seo":null,"seo_analyzer_scan_date":"2026-01-31 16:16:31","breadcrumb_settings":null,"limit_modified_date":false,"reviewed_by":null,"open_ai":null,"ai":null,"created":"2025-11-20 19:58:34","updated":"2026-01-31 16:16:31"},"aioseo_breadcrumb":"<div class=\"aioseo-breadcrumbs\"><span class=\"aioseo-breadcrumb\">\n\t<a href=\"https:\/\/assoc-cx.com\/es\/\" title=\"Home\">Home<\/a>\n<\/span><span class=\"aioseo-breadcrumb-separator\">&raquo;<\/span><span class=\"aioseo-breadcrumb\">\n\tCarreras\n<\/span><\/div>","aioseo_breadcrumb_json":[{"label":"Home","link":"https:\/\/assoc-cx.com\/es\/"},{"label":"Carreras","link":"https:\/\/assoc-cx.com\/es\/carreras\/"}],"_links":{"self":[{"href":"https:\/\/assoc-cx.com\/es\/wp-json\/wp\/v2\/pages\/13411","targetHints":{"allow":["GET"]}}],"collection":[{"href":"https:\/\/assoc-cx.com\/es\/wp-json\/wp\/v2\/pages"}],"about":[{"href":"https:\/\/assoc-cx.com\/es\/wp-json\/wp\/v2\/types\/page"}],"author":[{"embeddable":true,"href":"https:\/\/assoc-cx.com\/es\/wp-json\/wp\/v2\/users\/1"}],"replies":[{"embeddable":true,"href":"https:\/\/assoc-cx.com\/es\/wp-json\/wp\/v2\/comments?post=13411"}],"version-history":[{"count":1,"href":"https:\/\/assoc-cx.com\/es\/wp-json\/wp\/v2\/pages\/13411\/revisions"}],"predecessor-version":[{"id":13414,"href":"https:\/\/assoc-cx.com\/es\/wp-json\/wp\/v2\/pages\/13411\/revisions\/13414"}],"wp:featuredmedia":[{"embeddable":true,"href":"https:\/\/assoc-cx.com\/es\/wp-json\/wp\/v2\/media\/13410"}],"wp:attachment":[{"href":"https:\/\/assoc-cx.com\/es\/wp-json\/wp\/v2\/media?parent=13411"}],"curies":[{"name":"wp","href":"https:\/\/api.w.org\/{rel}","templated":true}]}}